{"id":404,"date":"2023-05-22T07:23:45","date_gmt":"2023-05-22T07:23:45","guid":{"rendered":"https:\/\/ccreadysites.cyberchimps.com\/public-speaker\/?page_id=9"},"modified":"2024-04-18T18:49:30","modified_gmt":"2024-04-18T18:49:30","slug":"about","status":"publish","type":"page","link":"https:\/\/fesaserver.com\/atsa\/about\/","title":{"rendered":"About"},"content":{"rendered":"\t\t<div data-elementor-type=\"wp-page\" data-elementor-id=\"404\" class=\"elementor elementor-404\">\n\t\t\t\t\t\t<section class=\"elementor-section elementor-top-section elementor-element elementor-element-65f8871 elementor-section-boxed elementor-section-height-default elementor-section-height-default\" data-id=\"65f8871\" data-element_type=\"section\" data-settings=\"{&quot;background_background&quot;:&quot;classic&quot;}\">\n\t\t\t\t\t\t\t<div class=\"elementor-background-overlay\"><\/div>\n\t\t\t\t\t\t\t<div class=\"elementor-container elementor-column-gap-default\">\n\t\t\t\t\t<div class=\"elementor-column elementor-col-100 elementor-top-column elementor-element elementor-element-408ae97\" data-id=\"408ae97\" data-element_type=\"column\">\n\t\t\t<div class=\"elementor-widget-wrap elementor-element-populated\">\n\t\t\t\t\t\t<div class=\"elementor-element elementor-element-5f8f27e elementor-widget elementor-widget-heading\" data-id=\"5f8f27e\" data-element_type=\"widget\" data-widget_type=\"heading.default\">\n\t\t\t\t<div class=\"elementor-widget-container\">\n\t\t\t<style>\/*! elementor - v3.21.0 - 18-04-2024 *\/\n.elementor-heading-title{padding:0;margin:0;line-height:1}.elementor-widget-heading .elementor-heading-title[class*=elementor-size-]>a{color:inherit;font-size:inherit;line-height:inherit}.elementor-widget-heading .elementor-heading-title.elementor-size-small{font-size:15px}.elementor-widget-heading .elementor-heading-title.elementor-size-medium{font-size:19px}.elementor-widget-heading .elementor-heading-title.elementor-size-large{font-size:29px}.elementor-widget-heading .elementor-heading-title.elementor-size-xl{font-size:39px}.elementor-widget-heading .elementor-heading-title.elementor-size-xxl{font-size:59px}<\/style><h2 class=\"elementor-heading-title elementor-size-default\">Nosotros<\/h2>\t\t<\/div>\n\t\t\t\t<\/div>\n\t\t\t\t\t<\/div>\n\t\t<\/div>\n\t\t\t\t\t<\/div>\n\t\t<\/section>\n\t\t\t\t<section class=\"elementor-section elementor-top-section elementor-element elementor-element-ef0b538 elementor-section-boxed elementor-section-height-default elementor-section-height-default\" data-id=\"ef0b538\" data-element_type=\"section\">\n\t\t\t\t\t\t<div class=\"elementor-container elementor-column-gap-default\">\n\t\t\t\t\t<div class=\"elementor-column elementor-col-100 elementor-top-column elementor-element elementor-element-041e6bb\" data-id=\"041e6bb\" data-element_type=\"column\">\n\t\t\t<div class=\"elementor-widget-wrap elementor-element-populated\">\n\t\t\t\t\t\t<div class=\"elementor-element elementor-element-70652a2 elementor-widget elementor-widget-heading\" data-id=\"70652a2\" data-element_type=\"widget\" data-widget_type=\"heading.default\">\n\t\t\t\t<div class=\"elementor-widget-container\">\n\t\t\t<h2 class=\"elementor-heading-title elementor-size-default\">La Academia Tecnol\u00f3gica San Agust\u00edn es una instituci\u00f3n dependiente de FESA que lleva adelante el programa de profesionalizaci\u00f3n por excelencia en Tecnolog\u00edas de la Informaci\u00f3n - Redes - Telecomunicaciones y Cyber Seguridad avalado por CISCO Networking Academy, la plataforma mundial en tecnolog\u00edas de redes m\u00e1s grande del mundo donde Los estudiantes de secundaria, bachilleres, universitarios, acad\u00e9micos, t\u00e9cnicos y profesionales tienen la oportunidad de certificarse a nivel global. <\/h2>\t\t<\/div>\n\t\t\t\t<\/div>\n\t\t\t\t<div class=\"elementor-element elementor-element-fec3fd1 elementor-widget elementor-widget-image\" data-id=\"fec3fd1\" data-element_type=\"widget\" data-widget_type=\"image.default\">\n\t\t\t\t<div class=\"elementor-widget-container\">\n\t\t\t<style>\/*! elementor - v3.21.0 - 18-04-2024 *\/\n.elementor-widget-image{text-align:center}.elementor-widget-image a{display:inline-block}.elementor-widget-image a img[src$=\".svg\"]{width:48px}.elementor-widget-image img{vertical-align:middle;display:inline-block}<\/style>\t\t\t\t\t\t\t\t\t\t<img fetchpriority=\"high\" decoding=\"async\" width=\"1000\" height=\"694\" src=\"https:\/\/fesaserver.com\/atsa\/wp-content\/uploads\/2024\/04\/b2ap3_large_empresas-tecnologicas-1.jpg\" class=\"attachment-full size-full wp-image-581\" alt=\"\" srcset=\"https:\/\/fesaserver.com\/atsa\/wp-content\/uploads\/2024\/04\/b2ap3_large_empresas-tecnologicas-1.jpg 1000w, https:\/\/fesaserver.com\/atsa\/wp-content\/uploads\/2024\/04\/b2ap3_large_empresas-tecnologicas-1-300x208.jpg 300w, https:\/\/fesaserver.com\/atsa\/wp-content\/uploads\/2024\/04\/b2ap3_large_empresas-tecnologicas-1-768x533.jpg 768w, https:\/\/fesaserver.com\/atsa\/wp-content\/uploads\/2024\/04\/b2ap3_large_empresas-tecnologicas-1-100x69.jpg 100w, https:\/\/fesaserver.com\/atsa\/wp-content\/uploads\/2024\/04\/b2ap3_large_empresas-tecnologicas-1-150x104.jpg 150w, https:\/\/fesaserver.com\/atsa\/wp-content\/uploads\/2024\/04\/b2ap3_large_empresas-tecnologicas-1-200x139.jpg 200w, https:\/\/fesaserver.com\/atsa\/wp-content\/uploads\/2024\/04\/b2ap3_large_empresas-tecnologicas-1-450x312.jpg 450w, https:\/\/fesaserver.com\/atsa\/wp-content\/uploads\/2024\/04\/b2ap3_large_empresas-tecnologicas-1-600x416.jpg 600w, https:\/\/fesaserver.com\/atsa\/wp-content\/uploads\/2024\/04\/b2ap3_large_empresas-tecnologicas-1-900x625.jpg 900w\" sizes=\"(max-width: 1000px) 100vw, 1000px\" \/>\t\t\t\t\t\t\t\t\t\t\t\t\t<\/div>\n\t\t\t\t<\/div>\n\t\t\t\t<div class=\"elementor-element elementor-element-b8d9954 elementor-widget elementor-widget-heading\" data-id=\"b8d9954\" data-element_type=\"widget\" data-widget_type=\"heading.default\">\n\t\t\t\t<div class=\"elementor-widget-container\">\n\t\t\t<h2 class=\"elementor-heading-title elementor-size-default\">CISCO Networking Academy presente en m\u00e1s de 180 pa\u00edses, con un impacto a m\u00e1s de 15 millones de estudiantes y m\u00e1s de 12 mil academias alrededor de todo el mundo es el programa global de educaci\u00f3n reconocido a nivel mundial como un est\u00e1ndar de la industria para dise\u00f1o y soporte de redes, garantizando altos niveles de conocimientos y confiabilidad.\n<\/h2>\t\t<\/div>\n\t\t\t\t<\/div>\n\t\t\t\t<div class=\"elementor-element elementor-element-8c0dd43 elementor-widget elementor-widget-heading\" data-id=\"8c0dd43\" data-element_type=\"widget\" data-widget_type=\"heading.default\">\n\t\t\t\t<div class=\"elementor-widget-container\">\n\t\t\t<h2 class=\"elementor-heading-title elementor-size-default\">\u00a1Eleva tu potencial en tecnolog\u00eda y dise\u00f1o con nuestros cursos de Oracle y SolidEdge!<\/h2>\t\t<\/div>\n\t\t\t\t<\/div>\n\t\t\t\t<div class=\"elementor-element elementor-element-a3a107e elementor-widget elementor-widget-heading\" data-id=\"a3a107e\" data-element_type=\"widget\" data-widget_type=\"heading.default\">\n\t\t\t\t<div class=\"elementor-widget-container\">\n\t\t\t<p class=\"elementor-heading-title elementor-size-default\">Descubre el mundo de las bases de datos y el dise\u00f1o mec\u00e1nico con nuestros programas de formaci\u00f3n integral. Ofrecemos:\n<br\/><br\/>\n- Clases de Oracle para dominar la gesti\u00f3n de bases de datos y la anal\u00edtica de datos.\n<br\/>\n- Cursos de SolidEdge para innovar en dise\u00f1o mec\u00e1nico y modelado 3D.\n<br\/><br\/>\nBeneficios:\n<br\/>\n- Instructores certificados y con experiencia en la industria.\n<br\/>\n- Aprendizaje pr\u00e1ctico con acceso a software de \u00faltima generaci\u00f3n.\n- Flexibilidad de horarios y modalidades de ense\u00f1anza adaptativas.\n<br\/><br\/>\n<b>\u00a1No esperes m\u00e1s para convertirte en un experto en IT y dise\u00f1o! Inscr\u00edbete en nuestros cursos y comienza tu transformaci\u00f3n profesional hoy.\n<\/b><\/p>\t\t<\/div>\n\t\t\t\t<\/div>\n\t\t\t\t\t<\/div>\n\t\t<\/div>\n\t\t\t\t\t<\/div>\n\t\t<\/section>\n\t\t\t\t<section class=\"elementor-section elementor-top-section elementor-element elementor-element-a5af944 elementor-section-boxed elementor-section-height-default elementor-section-height-default\" data-id=\"a5af944\" data-element_type=\"section\">\n\t\t\t\t\t\t<div class=\"elementor-container elementor-column-gap-default\">\n\t\t\t\t\t<div class=\"elementor-column elementor-col-100 elementor-top-column elementor-element elementor-element-11fd655\" data-id=\"11fd655\" data-element_type=\"column\">\n\t\t\t<div class=\"elementor-widget-wrap elementor-element-populated\">\n\t\t\t\t\t\t<div class=\"elementor-element elementor-element-6a5f61b elementor-widget elementor-widget-heading\" data-id=\"6a5f61b\" data-element_type=\"widget\" data-widget_type=\"heading.default\">\n\t\t\t\t<div class=\"elementor-widget-container\">\n\t\t\t<h2 class=\"elementor-heading-title elementor-size-default\">Galer\u00eda de Im\u00e1genes<\/h2>\t\t<\/div>\n\t\t\t\t<\/div>\n\t\t\t\t<section class=\"elementor-section elementor-inner-section elementor-element elementor-element-3188329 elementor-section-boxed elementor-section-height-default elementor-section-height-default\" data-id=\"3188329\" data-element_type=\"section\">\n\t\t\t\t\t\t<div class=\"elementor-container elementor-column-gap-default\">\n\t\t\t\t\t<div class=\"elementor-column elementor-col-20 elementor-inner-column elementor-element elementor-element-7bc18a4\" data-id=\"7bc18a4\" data-element_type=\"column\">\n\t\t\t<div class=\"elementor-widget-wrap elementor-element-populated\">\n\t\t\t\t\t\t<div class=\"elementor-element elementor-element-4a22a80 elementor-widget elementor-widget-image\" data-id=\"4a22a80\" data-element_type=\"widget\" data-widget_type=\"image.default\">\n\t\t\t\t<div class=\"elementor-widget-container\">\n\t\t\t\t\t\t\t\t\t\t\t\t\t<img decoding=\"async\" width=\"900\" height=\"900\" src=\"https:\/\/fesaserver.com\/atsa\/wp-content\/uploads\/2024\/04\/396710698_289312127192785_5767282127506196196_n-1.jpg\" class=\"attachment-full size-full wp-image-591\" alt=\"\" srcset=\"https:\/\/fesaserver.com\/atsa\/wp-content\/uploads\/2024\/04\/396710698_289312127192785_5767282127506196196_n-1.jpg 900w, https:\/\/fesaserver.com\/atsa\/wp-content\/uploads\/2024\/04\/396710698_289312127192785_5767282127506196196_n-1-300x300.jpg 300w, https:\/\/fesaserver.com\/atsa\/wp-content\/uploads\/2024\/04\/396710698_289312127192785_5767282127506196196_n-1-150x150.jpg 150w, https:\/\/fesaserver.com\/atsa\/wp-content\/uploads\/2024\/04\/396710698_289312127192785_5767282127506196196_n-1-768x768.jpg 768w, https:\/\/fesaserver.com\/atsa\/wp-content\/uploads\/2024\/04\/396710698_289312127192785_5767282127506196196_n-1-100x100.jpg 100w, https:\/\/fesaserver.com\/atsa\/wp-content\/uploads\/2024\/04\/396710698_289312127192785_5767282127506196196_n-1-200x200.jpg 200w, https:\/\/fesaserver.com\/atsa\/wp-content\/uploads\/2024\/04\/396710698_289312127192785_5767282127506196196_n-1-450x450.jpg 450w, https:\/\/fesaserver.com\/atsa\/wp-content\/uploads\/2024\/04\/396710698_289312127192785_5767282127506196196_n-1-600x600.jpg 600w\" sizes=\"(max-width: 900px) 100vw, 900px\" \/>\t\t\t\t\t\t\t\t\t\t\t\t\t<\/div>\n\t\t\t\t<\/div>\n\t\t\t\t\t<\/div>\n\t\t<\/div>\n\t\t\t\t<div class=\"elementor-column elementor-col-20 elementor-inner-column elementor-element elementor-element-2d41463\" data-id=\"2d41463\" data-element_type=\"column\">\n\t\t\t<div class=\"elementor-widget-wrap elementor-element-populated\">\n\t\t\t\t\t\t<div class=\"elementor-element elementor-element-1afc1cf elementor-widget elementor-widget-image\" data-id=\"1afc1cf\" data-element_type=\"widget\" data-widget_type=\"image.default\">\n\t\t\t\t<div class=\"elementor-widget-container\">\n\t\t\t\t\t\t\t\t\t\t\t\t\t<img decoding=\"async\" width=\"900\" height=\"900\" src=\"https:\/\/fesaserver.com\/atsa\/wp-content\/uploads\/2024\/04\/397422681_289312163859448_6311594164567661821_n.gif\" class=\"attachment-full size-full wp-image-592\" alt=\"\" \/>\t\t\t\t\t\t\t\t\t\t\t\t\t<\/div>\n\t\t\t\t<\/div>\n\t\t\t\t\t<\/div>\n\t\t<\/div>\n\t\t\t\t<div class=\"elementor-column elementor-col-20 elementor-inner-column elementor-element elementor-element-c8fe79f\" data-id=\"c8fe79f\" data-element_type=\"column\">\n\t\t\t<div class=\"elementor-widget-wrap elementor-element-populated\">\n\t\t\t\t\t\t<div class=\"elementor-element elementor-element-48dc373 elementor-widget elementor-widget-image\" data-id=\"48dc373\" data-element_type=\"widget\" data-widget_type=\"image.default\">\n\t\t\t\t<div class=\"elementor-widget-container\">\n\t\t\t\t\t\t\t\t\t\t\t\t\t<img loading=\"lazy\" decoding=\"async\" width=\"900\" height=\"900\" src=\"https:\/\/fesaserver.com\/atsa\/wp-content\/uploads\/2024\/04\/396706273_289312333859431_8116851749808705521_n.jpg\" class=\"attachment-full size-full wp-image-596\" alt=\"\" srcset=\"https:\/\/fesaserver.com\/atsa\/wp-content\/uploads\/2024\/04\/396706273_289312333859431_8116851749808705521_n.jpg 900w, https:\/\/fesaserver.com\/atsa\/wp-content\/uploads\/2024\/04\/396706273_289312333859431_8116851749808705521_n-300x300.jpg 300w, https:\/\/fesaserver.com\/atsa\/wp-content\/uploads\/2024\/04\/396706273_289312333859431_8116851749808705521_n-150x150.jpg 150w, https:\/\/fesaserver.com\/atsa\/wp-content\/uploads\/2024\/04\/396706273_289312333859431_8116851749808705521_n-768x768.jpg 768w, https:\/\/fesaserver.com\/atsa\/wp-content\/uploads\/2024\/04\/396706273_289312333859431_8116851749808705521_n-100x100.jpg 100w, https:\/\/fesaserver.com\/atsa\/wp-content\/uploads\/2024\/04\/396706273_289312333859431_8116851749808705521_n-200x200.jpg 200w, https:\/\/fesaserver.com\/atsa\/wp-content\/uploads\/2024\/04\/396706273_289312333859431_8116851749808705521_n-450x450.jpg 450w, https:\/\/fesaserver.com\/atsa\/wp-content\/uploads\/2024\/04\/396706273_289312333859431_8116851749808705521_n-600x600.jpg 600w\" sizes=\"(max-width: 900px) 100vw, 900px\" \/>\t\t\t\t\t\t\t\t\t\t\t\t\t<\/div>\n\t\t\t\t<\/div>\n\t\t\t\t\t<\/div>\n\t\t<\/div>\n\t\t\t\t<div class=\"elementor-column elementor-col-20 elementor-inner-column elementor-element elementor-element-65de79c\" data-id=\"65de79c\" data-element_type=\"column\">\n\t\t\t<div class=\"elementor-widget-wrap elementor-element-populated\">\n\t\t\t\t\t\t<div class=\"elementor-element elementor-element-413382d elementor-widget elementor-widget-image\" data-id=\"413382d\" data-element_type=\"widget\" data-widget_type=\"image.default\">\n\t\t\t\t<div class=\"elementor-widget-container\">\n\t\t\t\t\t\t\t\t\t\t\t\t\t<img loading=\"lazy\" decoding=\"async\" width=\"900\" height=\"900\" src=\"https:\/\/fesaserver.com\/atsa\/wp-content\/uploads\/2024\/04\/395487138_286769117447086_5261999657963802445_n.jpg\" class=\"attachment-full size-full wp-image-598\" alt=\"\" srcset=\"https:\/\/fesaserver.com\/atsa\/wp-content\/uploads\/2024\/04\/395487138_286769117447086_5261999657963802445_n.jpg 900w, https:\/\/fesaserver.com\/atsa\/wp-content\/uploads\/2024\/04\/395487138_286769117447086_5261999657963802445_n-300x300.jpg 300w, https:\/\/fesaserver.com\/atsa\/wp-content\/uploads\/2024\/04\/395487138_286769117447086_5261999657963802445_n-150x150.jpg 150w, https:\/\/fesaserver.com\/atsa\/wp-content\/uploads\/2024\/04\/395487138_286769117447086_5261999657963802445_n-768x768.jpg 768w, https:\/\/fesaserver.com\/atsa\/wp-content\/uploads\/2024\/04\/395487138_286769117447086_5261999657963802445_n-100x100.jpg 100w, https:\/\/fesaserver.com\/atsa\/wp-content\/uploads\/2024\/04\/395487138_286769117447086_5261999657963802445_n-200x200.jpg 200w, https:\/\/fesaserver.com\/atsa\/wp-content\/uploads\/2024\/04\/395487138_286769117447086_5261999657963802445_n-450x450.jpg 450w, https:\/\/fesaserver.com\/atsa\/wp-content\/uploads\/2024\/04\/395487138_286769117447086_5261999657963802445_n-600x600.jpg 600w\" sizes=\"(max-width: 900px) 100vw, 900px\" \/>\t\t\t\t\t\t\t\t\t\t\t\t\t<\/div>\n\t\t\t\t<\/div>\n\t\t\t\t\t<\/div>\n\t\t<\/div>\n\t\t\t\t<div class=\"elementor-column elementor-col-20 elementor-inner-column elementor-element elementor-element-c95d69d\" data-id=\"c95d69d\" data-element_type=\"column\">\n\t\t\t<div class=\"elementor-widget-wrap elementor-element-populated\">\n\t\t\t\t\t\t<div class=\"elementor-element elementor-element-5e8b59a elementor-widget elementor-widget-image\" data-id=\"5e8b59a\" data-element_type=\"widget\" data-widget_type=\"image.default\">\n\t\t\t\t<div class=\"elementor-widget-container\">\n\t\t\t\t\t\t\t\t\t\t\t\t\t<img loading=\"lazy\" decoding=\"async\" width=\"900\" height=\"900\" src=\"https:\/\/fesaserver.com\/atsa\/wp-content\/uploads\/2024\/04\/395548680_286769034113761_182530773287123413_n.jpg\" class=\"attachment-full size-full wp-image-599\" alt=\"\" srcset=\"https:\/\/fesaserver.com\/atsa\/wp-content\/uploads\/2024\/04\/395548680_286769034113761_182530773287123413_n.jpg 900w, https:\/\/fesaserver.com\/atsa\/wp-content\/uploads\/2024\/04\/395548680_286769034113761_182530773287123413_n-300x300.jpg 300w, https:\/\/fesaserver.com\/atsa\/wp-content\/uploads\/2024\/04\/395548680_286769034113761_182530773287123413_n-150x150.jpg 150w, https:\/\/fesaserver.com\/atsa\/wp-content\/uploads\/2024\/04\/395548680_286769034113761_182530773287123413_n-768x768.jpg 768w, https:\/\/fesaserver.com\/atsa\/wp-content\/uploads\/2024\/04\/395548680_286769034113761_182530773287123413_n-100x100.jpg 100w, https:\/\/fesaserver.com\/atsa\/wp-content\/uploads\/2024\/04\/395548680_286769034113761_182530773287123413_n-200x200.jpg 200w, https:\/\/fesaserver.com\/atsa\/wp-content\/uploads\/2024\/04\/395548680_286769034113761_182530773287123413_n-450x450.jpg 450w, https:\/\/fesaserver.com\/atsa\/wp-content\/uploads\/2024\/04\/395548680_286769034113761_182530773287123413_n-600x600.jpg 600w\" sizes=\"(max-width: 900px) 100vw, 900px\" \/>\t\t\t\t\t\t\t\t\t\t\t\t\t<\/div>\n\t\t\t\t<\/div>\n\t\t\t\t\t<\/div>\n\t\t<\/div>\n\t\t\t\t\t<\/div>\n\t\t<\/section>\n\t\t\t\t\t<\/div>\n\t\t<\/div>\n\t\t\t\t\t<\/div>\n\t\t<\/section>\n\t\t\t\t<\/div>\n\t\t","protected":false},"excerpt":{"rendered":"<p>Nosotros La Academia Tecnol\u00f3gica San Agust\u00edn es una instituci\u00f3n dependiente de FESA que lleva adelante el programa de profesionalizaci\u00f3n por excelencia en Tecnolog\u00edas de la Informaci\u00f3n &#8211; Redes &#8211; Telecomunicaciones y Cyber Seguridad avalado por CISCO Networking Academy, la plataforma &hellip;<\/p>\n<p class=\"read-more\"> <a class=\"more-link\" href=\"https:\/\/fesaserver.com\/atsa\/about\/\"> <span class=\"screen-reader-text\">About<\/span> Read More &raquo;<\/a><\/p>\n","protected":false},"author":1,"featured_media":0,"parent":0,"menu_order":0,"comment_status":"closed","ping_status":"closed","template":"elementor_header_footer","meta":{"footnotes":""},"featured_image_src":"","featured_image_src_square":false,"rbea_author_info":{"display_name":"juan.choque","author_link":"https:\/\/fesaserver.com\/atsa\/author\/juan-choque\/"},"rbea_excerpt_info":"Nosotros La Academia Tecnol\u00f3gica San Agust\u00edn es una instituci\u00f3n dependiente de FESA que lleva adelante el programa de profesionalizaci\u00f3n por excelencia en Tecnolog\u00edas de la Informaci\u00f3n &#8211; Redes &#8211; Telecomunicaciones y Cyber Seguridad avalado por CISCO Networking Academy, la plataforma &hellip;<p class=\"read-more\"> <a class=\"more-link\" href=\"https:\/\/fesaserver.com\/atsa\/about\/\"> <span class=\"screen-reader-text\">About<\/span> Read More &raquo;<\/a><\/p>","_links":{"self":[{"href":"https:\/\/fesaserver.com\/atsa\/wp-json\/wp\/v2\/pages\/404"}],"collection":[{"href":"https:\/\/fesaserver.com\/atsa\/wp-json\/wp\/v2\/pages"}],"about":[{"href":"https:\/\/fesaserver.com\/atsa\/wp-json\/wp\/v2\/types\/page"}],"author":[{"embeddable":true,"href":"https:\/\/fesaserver.com\/atsa\/wp-json\/wp\/v2\/users\/1"}],"replies":[{"embeddable":true,"href":"https:\/\/fesaserver.com\/atsa\/wp-json\/wp\/v2\/comments?post=404"}],"version-history":[{"count":19,"href":"https:\/\/fesaserver.com\/atsa\/wp-json\/wp\/v2\/pages\/404\/revisions"}],"predecessor-version":[{"id":602,"href":"https:\/\/fesaserver.com\/atsa\/wp-json\/wp\/v2\/pages\/404\/revisions\/602"}],"wp:attachment":[{"href":"https:\/\/fesaserver.com\/atsa\/wp-json\/wp\/v2\/media?parent=404"}],"curies":[{"name":"wp","href":"https:\/\/api.w.org\/{rel}","templated":true}]}}