{"id":406,"date":"2023-05-22T07:24:26","date_gmt":"2023-05-22T07:24:26","guid":{"rendered":"https:\/\/ccreadysites.cyberchimps.com\/public-speaker\/?page_id=13"},"modified":"2024-04-18T21:16:18","modified_gmt":"2024-04-18T21:16:18","slug":"blog","status":"publish","type":"page","link":"https:\/\/fesaserver.com\/atsa\/blog\/","title":{"rendered":"Blog"},"content":{"rendered":"\t\t<div data-elementor-type=\"wp-page\" data-elementor-id=\"406\" class=\"elementor elementor-406\">\n\t\t\t\t<div class=\"elementor-element elementor-element-6286788 e-con-full e-flex e-con e-parent\" data-id=\"6286788\" data-element_type=\"container\">\n\t\t\t\t<div class=\"elementor-element elementor-element-d3d75b2 elementor-widget elementor-widget-post_layouts\" data-id=\"d3d75b2\" data-element_type=\"widget\" data-widget_type=\"post_layouts.default\">\n\t\t\t\t<div class=\"elementor-widget-container\">\n\t\t\t<div class=\"row masonaryactive \"><div class=\"blog-grid-layout col-md-12\"><div class=\"theimran-post-layout-one\"><div class=\"theimran-post-layout-one__thumbnail\">\t\t\t<a href=\"https:\/\/fesaserver.com\/atsa\/blog-1\/\"><\/a>\r\n\t\t\t<\/div><div class=\"theimran-post-layout-one__content-wrapper\">\t\t\t<div class=\"theimran-post-layout-one__title\">\r\n\t\t\t\t<h3><a href=\"https:\/\/fesaserver.com\/atsa\/blog-1\/\">Innovaci\u00f3n y Tecnolog\u00eda en Tus Manos<\/a><\/h3>\r\n\t\t\t<\/div>\r\n\t\t\t\t<div class=\"theimran-post-layout-one__blog-meta\">\r\n\t\t\t<ul>\r\n\t\t\t\t\t\t\t<\/ul>\r\n\t\t<\/div>\r\n\t\t\t\t\t<div class=\"theimran-post-layout-one__excerpt\">\r\n\t\t\t\t<p>\r\n\t\t\t\t\t\u00a1El futuro te espera en la Academia Tecnol\u00f3gica San Agust\u00edn! Sum\u00e9rgete en programas de vanguardia, desde Inteligencia Artificial, Redes y Desarrollo de Software, y conecta con l\u00edderes de la industria. - Educaci\u00f3n avanzada y pr\u00e1ctica - Conexiones reales con el &hellip; Innovaci\u00f3n y Tecnolog\u00eda en Tus Manos Read More\t\t\t\t<\/p>\r\n\t\t\t<\/div>\r\n\t\t<\/div><\/div><\/div><\/div>\t\t<\/div>\n\t\t\t\t<\/div>\n\t\t\t\t<\/div>\n\t\t\t\t<\/div>\n\t\t","protected":false},"excerpt":{"rendered":"<p>Innovaci\u00f3n y Tecnolog\u00eda en Tus Manos \u00a1El futuro te espera en la Academia Tecnol\u00f3gica San Agust\u00edn! Sum\u00e9rgete en programas de vanguardia, desde Inteligencia Artificial, Redes y Desarrollo de Software, y conecta con l\u00edderes de la industria. &#8211; Educaci\u00f3n avanzada y &hellip;<\/p>\n<p class=\"read-more\"> <a class=\"more-link\" href=\"https:\/\/fesaserver.com\/atsa\/blog-1\/\"> <span class=\"screen-reader-text\">Innovaci\u00f3n y Tecnolog\u00eda en Tus Manos<\/span> Read More &raquo;<\/a><\/p>\n","protected":false},"author":1,"featured_media":0,"parent":0,"menu_order":0,"comment_status":"closed","ping_status":"closed","template":"","meta":{"footnotes":""},"featured_image_src":"","featured_image_src_square":false,"rbea_author_info":{"display_name":"juan.choque","author_link":"https:\/\/fesaserver.com\/atsa\/author\/juan-choque\/"},"rbea_excerpt_info":"Innovaci\u00f3n y Tecnolog\u00eda en Tus Manos \u00a1El futuro te espera en la Academia Tecnol\u00f3gica San Agust\u00edn! Sum\u00e9rgete en programas de vanguardia, desde Inteligencia Artificial, Redes y Desarrollo de Software, y conecta con l\u00edderes de la industria. &#8211; Educaci\u00f3n avanzada y &hellip;<p class=\"read-more\"> <a class=\"more-link\" href=\"https:\/\/fesaserver.com\/atsa\/blog-1\/\"> <span class=\"screen-reader-text\">Innovaci\u00f3n y Tecnolog\u00eda en Tus Manos<\/span> Read More &raquo;<\/a><\/p>","_links":{"self":[{"href":"https:\/\/fesaserver.com\/atsa\/wp-json\/wp\/v2\/pages\/406"}],"collection":[{"href":"https:\/\/fesaserver.com\/atsa\/wp-json\/wp\/v2\/pages"}],"about":[{"href":"https:\/\/fesaserver.com\/atsa\/wp-json\/wp\/v2\/types\/page"}],"author":[{"embeddable":true,"href":"https:\/\/fesaserver.com\/atsa\/wp-json\/wp\/v2\/users\/1"}],"replies":[{"embeddable":true,"href":"https:\/\/fesaserver.com\/atsa\/wp-json\/wp\/v2\/comments?post=406"}],"version-history":[{"count":35,"href":"https:\/\/fesaserver.com\/atsa\/wp-json\/wp\/v2\/pages\/406\/revisions"}],"predecessor-version":[{"id":662,"href":"https:\/\/fesaserver.com\/atsa\/wp-json\/wp\/v2\/pages\/406\/revisions\/662"}],"wp:attachment":[{"href":"https:\/\/fesaserver.com\/atsa\/wp-json\/wp\/v2\/media?parent=406"}],"curies":[{"name":"wp","href":"https:\/\/api.w.org\/{rel}","templated":true}]}}